{"id":134,"date":"2024-08-20T09:39:14","date_gmt":"2024-08-20T07:39:14","guid":{"rendered":"https:\/\/mikrouzenar.cz\/?page_id=134"},"modified":"2024-08-26T13:33:50","modified_gmt":"2024-08-26T11:33:50","slug":"nejcasteji-vyrabene","status":"publish","type":"page","link":"https:\/\/mikrouzenar.cz\/?page_id=134","title":{"rendered":"Nej\u010dast\u011bji vyr\u00e1b\u011bn\u00e9"},"content":{"rendered":"\n<h2 class=\"wp-block-heading alignwide has-text-align-center has-contrast-2-color has-text-color has-link-color has-large-font-size wp-elements-4cc24c2d250dfd25b2eca2d39cb3ab0c\" style=\"line-height:1.2\">Uk\u00e1zky z v\u00fdroby<\/h2>\n\n\n\n<div class=\"wp-block-group alignwide is-vertical is-layout-flex wp-container-core-group-is-layout-fe9cc265 wp-block-group-is-layout-flex\"><\/div>\n\n\n\n<div class=\"wp-block-group alignfull has-global-padding is-layout-constrained wp-container-core-group-is-layout-b25ccd55 wp-block-group-is-layout-constrained\" style=\"margin-top:0;margin-bottom:0;padding-top:var(--wp--preset--spacing--50);padding-right:var(--wp--preset--spacing--50);padding-bottom:var(--wp--preset--spacing--50);padding-left:var(--wp--preset--spacing--50)\">\n<div class=\"wp-block-columns alignwide is-layout-flex wp-container-core-columns-is-layout-ff4b9c61 wp-block-columns-is-layout-flex\" style=\"margin-top:0;margin-bottom:0\">\n<div class=\"wp-block-column is-layout-flow wp-container-core-column-is-layout-8a368f38 wp-block-column-is-layout-flow\">\n<figure class=\"wp-block-image size-large is-style-rounded is-style-rounded--1\"><img loading=\"lazy\" decoding=\"async\" width=\"1024\" height=\"614\" src=\"https:\/\/mikrouzenar.cz\/wp-content\/uploads\/2024\/08\/Country_slanina-1024x614.jpg\" alt=\"\" class=\"wp-image-188\" style=\"aspect-ratio:4\/3;object-fit:cover\" srcset=\"https:\/\/mikrouzenar.cz\/wp-content\/uploads\/2024\/08\/Country_slanina-1024x614.jpg 1024w, https:\/\/mikrouzenar.cz\/wp-content\/uploads\/2024\/08\/Country_slanina-300x180.jpg 300w, https:\/\/mikrouzenar.cz\/wp-content\/uploads\/2024\/08\/Country_slanina-768x461.jpg 768w, https:\/\/mikrouzenar.cz\/wp-content\/uploads\/2024\/08\/Country_slanina-1536x922.jpg 1536w, https:\/\/mikrouzenar.cz\/wp-content\/uploads\/2024\/08\/Country_slanina.jpg 2000w\" sizes=\"auto, (max-width: 1024px) 100vw, 1024px\" \/><\/figure>\n\n\n\n<div style=\"height:var(--wp--preset--spacing--50)\" aria-hidden=\"true\" class=\"wp-block-spacer\"><\/div>\n\n\n\n<figure class=\"wp-block-image size-large is-style-rounded is-style-rounded--2\"><img loading=\"lazy\" decoding=\"async\" width=\"1024\" height=\"614\" src=\"https:\/\/mikrouzenar.cz\/wp-content\/uploads\/2024\/08\/Pecene_v_pepri-1024x614.jpg\" alt=\"\" class=\"wp-image-210\" style=\"aspect-ratio:3\/4;object-fit:cover\" srcset=\"https:\/\/mikrouzenar.cz\/wp-content\/uploads\/2024\/08\/Pecene_v_pepri-1024x614.jpg 1024w, https:\/\/mikrouzenar.cz\/wp-content\/uploads\/2024\/08\/Pecene_v_pepri-300x180.jpg 300w, https:\/\/mikrouzenar.cz\/wp-content\/uploads\/2024\/08\/Pecene_v_pepri-768x461.jpg 768w, https:\/\/mikrouzenar.cz\/wp-content\/uploads\/2024\/08\/Pecene_v_pepri-1536x922.jpg 1536w, https:\/\/mikrouzenar.cz\/wp-content\/uploads\/2024\/08\/Pecene_v_pepri.jpg 2000w\" sizes=\"auto, (max-width: 1024px) 100vw, 1024px\" \/><\/figure>\n\n\n\n<div style=\"height:var(--wp--preset--spacing--50)\" aria-hidden=\"true\" class=\"wp-block-spacer\"><\/div>\n\n\n\n<figure class=\"wp-block-image size-large is-style-rounded is-style-rounded--3\"><img loading=\"lazy\" decoding=\"async\" width=\"1024\" height=\"576\" src=\"https:\/\/mikrouzenar.cz\/wp-content\/uploads\/2024\/08\/Kapr_uzeny-1024x576.jpg\" alt=\"\" class=\"wp-image-216\" style=\"aspect-ratio:3\/4;object-fit:cover\" srcset=\"https:\/\/mikrouzenar.cz\/wp-content\/uploads\/2024\/08\/Kapr_uzeny-1024x576.jpg 1024w, https:\/\/mikrouzenar.cz\/wp-content\/uploads\/2024\/08\/Kapr_uzeny-300x169.jpg 300w, https:\/\/mikrouzenar.cz\/wp-content\/uploads\/2024\/08\/Kapr_uzeny-768x432.jpg 768w, https:\/\/mikrouzenar.cz\/wp-content\/uploads\/2024\/08\/Kapr_uzeny-1536x864.jpg 1536w, https:\/\/mikrouzenar.cz\/wp-content\/uploads\/2024\/08\/Kapr_uzeny.jpg 2000w\" sizes=\"auto, (max-width: 1024px) 100vw, 1024px\" \/><\/figure>\n<\/div>\n\n\n\n<div class=\"wp-block-column is-layout-flow wp-container-core-column-is-layout-8a368f38 wp-block-column-is-layout-flow\">\n<figure class=\"wp-block-image size-large is-style-rounded is-style-rounded--4\"><img loading=\"lazy\" decoding=\"async\" width=\"1024\" height=\"614\" src=\"https:\/\/mikrouzenar.cz\/wp-content\/uploads\/2024\/08\/krkovice_2-1024x614.jpg\" alt=\"\" class=\"wp-image-189\" style=\"aspect-ratio:3\/4;object-fit:cover\" srcset=\"https:\/\/mikrouzenar.cz\/wp-content\/uploads\/2024\/08\/krkovice_2-1024x614.jpg 1024w, https:\/\/mikrouzenar.cz\/wp-content\/uploads\/2024\/08\/krkovice_2-300x180.jpg 300w, https:\/\/mikrouzenar.cz\/wp-content\/uploads\/2024\/08\/krkovice_2-768x461.jpg 768w, https:\/\/mikrouzenar.cz\/wp-content\/uploads\/2024\/08\/krkovice_2-1536x922.jpg 1536w, https:\/\/mikrouzenar.cz\/wp-content\/uploads\/2024\/08\/krkovice_2.jpg 2000w\" sizes=\"auto, (max-width: 1024px) 100vw, 1024px\" \/><\/figure>\n\n\n\n<div style=\"height:var(--wp--preset--spacing--50)\" aria-hidden=\"true\" class=\"wp-block-spacer\"><\/div>\n\n\n\n<figure class=\"wp-block-image size-large is-style-rounded is-style-rounded--5\"><img loading=\"lazy\" decoding=\"async\" width=\"1024\" height=\"614\" src=\"https:\/\/mikrouzenar.cz\/wp-content\/uploads\/2024\/08\/Sunka_susena-1024x614.jpg\" alt=\"\" class=\"wp-image-213\" style=\"aspect-ratio:1;object-fit:cover\" srcset=\"https:\/\/mikrouzenar.cz\/wp-content\/uploads\/2024\/08\/Sunka_susena-1024x614.jpg 1024w, https:\/\/mikrouzenar.cz\/wp-content\/uploads\/2024\/08\/Sunka_susena-300x180.jpg 300w, https:\/\/mikrouzenar.cz\/wp-content\/uploads\/2024\/08\/Sunka_susena-768x461.jpg 768w, https:\/\/mikrouzenar.cz\/wp-content\/uploads\/2024\/08\/Sunka_susena-1536x922.jpg 1536w, https:\/\/mikrouzenar.cz\/wp-content\/uploads\/2024\/08\/Sunka_susena.jpg 2000w\" sizes=\"auto, (max-width: 1024px) 100vw, 1024px\" \/><\/figure>\n\n\n\n<div style=\"height:var(--wp--preset--spacing--50)\" aria-hidden=\"true\" class=\"wp-block-spacer\"><\/div>\n\n\n\n<figure class=\"wp-block-image size-large is-style-rounded is-style-rounded--6\"><img loading=\"lazy\" decoding=\"async\" width=\"1024\" height=\"614\" src=\"https:\/\/mikrouzenar.cz\/wp-content\/uploads\/2024\/08\/Gothaj-1024x614.jpg\" alt=\"\" class=\"wp-image-194\" style=\"aspect-ratio:1;object-fit:cover\" srcset=\"https:\/\/mikrouzenar.cz\/wp-content\/uploads\/2024\/08\/Gothaj-1024x614.jpg 1024w, https:\/\/mikrouzenar.cz\/wp-content\/uploads\/2024\/08\/Gothaj-300x180.jpg 300w, https:\/\/mikrouzenar.cz\/wp-content\/uploads\/2024\/08\/Gothaj-768x461.jpg 768w, https:\/\/mikrouzenar.cz\/wp-content\/uploads\/2024\/08\/Gothaj-1536x922.jpg 1536w, https:\/\/mikrouzenar.cz\/wp-content\/uploads\/2024\/08\/Gothaj.jpg 2000w\" sizes=\"auto, (max-width: 1024px) 100vw, 1024px\" \/><\/figure>\n<\/div>\n\n\n\n<div class=\"wp-block-column is-layout-flow wp-container-core-column-is-layout-8a368f38 wp-block-column-is-layout-flow\">\n<figure class=\"wp-block-image size-large is-style-rounded is-style-rounded--7\"><img loading=\"lazy\" decoding=\"async\" width=\"1024\" height=\"576\" src=\"https:\/\/mikrouzenar.cz\/wp-content\/uploads\/2024\/08\/Bucek_uzeny-1024x576.jpg\" alt=\"\" class=\"wp-image-215\" style=\"aspect-ratio:1;object-fit:cover\" srcset=\"https:\/\/mikrouzenar.cz\/wp-content\/uploads\/2024\/08\/Bucek_uzeny-1024x576.jpg 1024w, https:\/\/mikrouzenar.cz\/wp-content\/uploads\/2024\/08\/Bucek_uzeny-300x169.jpg 300w, https:\/\/mikrouzenar.cz\/wp-content\/uploads\/2024\/08\/Bucek_uzeny-768x432.jpg 768w, https:\/\/mikrouzenar.cz\/wp-content\/uploads\/2024\/08\/Bucek_uzeny-1536x864.jpg 1536w, https:\/\/mikrouzenar.cz\/wp-content\/uploads\/2024\/08\/Bucek_uzeny.jpg 2000w\" sizes=\"auto, (max-width: 1024px) 100vw, 1024px\" \/><\/figure>\n\n\n\n<div style=\"height:var(--wp--preset--spacing--50)\" aria-hidden=\"true\" class=\"wp-block-spacer\"><\/div>\n\n\n\n<figure class=\"wp-block-image size-large is-style-rounded is-style-rounded--8\"><img loading=\"lazy\" decoding=\"async\" width=\"1024\" height=\"631\" src=\"https:\/\/mikrouzenar.cz\/wp-content\/uploads\/2024\/08\/Bila_sova-1024x631.jpg\" alt=\"\" class=\"wp-image-219\" style=\"aspect-ratio:16\/9;object-fit:cover\" srcset=\"https:\/\/mikrouzenar.cz\/wp-content\/uploads\/2024\/08\/Bila_sova-1024x631.jpg 1024w, https:\/\/mikrouzenar.cz\/wp-content\/uploads\/2024\/08\/Bila_sova-300x185.jpg 300w, https:\/\/mikrouzenar.cz\/wp-content\/uploads\/2024\/08\/Bila_sova-768x473.jpg 768w, https:\/\/mikrouzenar.cz\/wp-content\/uploads\/2024\/08\/Bila_sova-1536x947.jpg 1536w, https:\/\/mikrouzenar.cz\/wp-content\/uploads\/2024\/08\/Bila_sova.jpg 2000w\" sizes=\"auto, (max-width: 1024px) 100vw, 1024px\" \/><\/figure>\n\n\n\n<div style=\"height:var(--wp--preset--spacing--50)\" aria-hidden=\"true\" class=\"wp-block-spacer\"><\/div>\n\n\n\n<figure class=\"wp-block-image size-large is-style-rounded is-style-rounded--9\"><img loading=\"lazy\" decoding=\"async\" width=\"1024\" height=\"614\" src=\"https:\/\/mikrouzenar.cz\/wp-content\/uploads\/2024\/08\/Syry_uzene-1024x614.jpg\" alt=\"\" class=\"wp-image-218\" style=\"aspect-ratio:9\/16;object-fit:cover\" srcset=\"https:\/\/mikrouzenar.cz\/wp-content\/uploads\/2024\/08\/Syry_uzene-1024x614.jpg 1024w, https:\/\/mikrouzenar.cz\/wp-content\/uploads\/2024\/08\/Syry_uzene-300x180.jpg 300w, https:\/\/mikrouzenar.cz\/wp-content\/uploads\/2024\/08\/Syry_uzene-768x461.jpg 768w, https:\/\/mikrouzenar.cz\/wp-content\/uploads\/2024\/08\/Syry_uzene-1536x922.jpg 1536w, https:\/\/mikrouzenar.cz\/wp-content\/uploads\/2024\/08\/Syry_uzene.jpg 2000w\" sizes=\"auto, (max-width: 1024px) 100vw, 1024px\" \/><\/figure>\n<\/div>\n<\/div>\n\n\n\n<p class=\"has-text-align-center\">a dal\u0161\u00ed v\u00fdrobky \u0159azen\u00e9 podle kategori\u00ed <a href=\"https:\/\/dedovo-masicko.cz\/prehled-vyrobku\/\" data-type=\"link\" data-id=\"https:\/\/dedovo-masicko.cz\/prehled-vyrobku\/\">zde<\/a><\/p>\n<\/div>\n","protected":false},"excerpt":{"rendered":"<p>Uk\u00e1zky z v\u00fdroby a dal\u0161\u00ed v\u00fdrobky \u0159azen\u00e9 podle kategori\u00ed zde<\/p>\n","protected":false},"author":1,"featured_media":0,"parent":0,"menu_order":0,"comment_status":"closed","ping_status":"closed","template":"","meta":{"footnotes":""},"class_list":["post-134","page","type-page","status-publish","hentry"],"_links":{"self":[{"href":"https:\/\/mikrouzenar.cz\/index.php?rest_route=\/wp\/v2\/pages\/134","targetHints":{"allow":["GET"]}}],"collection":[{"href":"https:\/\/mikrouzenar.cz\/index.php?rest_route=\/wp\/v2\/pages"}],"about":[{"href":"https:\/\/mikrouzenar.cz\/index.php?rest_route=\/wp\/v2\/types\/page"}],"author":[{"embeddable":true,"href":"https:\/\/mikrouzenar.cz\/index.php?rest_route=\/wp\/v2\/users\/1"}],"replies":[{"embeddable":true,"href":"https:\/\/mikrouzenar.cz\/index.php?rest_route=%2Fwp%2Fv2%2Fcomments&post=134"}],"version-history":[{"count":18,"href":"https:\/\/mikrouzenar.cz\/index.php?rest_route=\/wp\/v2\/pages\/134\/revisions"}],"predecessor-version":[{"id":276,"href":"https:\/\/mikrouzenar.cz\/index.php?rest_route=\/wp\/v2\/pages\/134\/revisions\/276"}],"wp:attachment":[{"href":"https:\/\/mikrouzenar.cz\/index.php?rest_route=%2Fwp%2Fv2%2Fmedia&parent=134"}],"curies":[{"name":"wp","href":"https:\/\/api.w.org\/{rel}","templated":true}]}}